{"id":54,"date":"2025-01-20T20:43:00","date_gmt":"2025-01-20T19:43:00","guid":{"rendered":"http:\/\/admin_iu996dyb"},"modified":"2025-01-20T21:07:09","modified_gmt":"2025-01-20T20:07:09","slug":"accesibilidad","status":"publish","type":"page","link":"https:\/\/www.luxcarevents.es\/en\/accesibilidad\/","title":{"rendered":"Accessibility"},"content":{"rendered":"<h2 class=\"wp-block-heading\">ACCESSIBILITY STATEMENT<\/h2>\n\n\n\n<p>Gevorg Ovchyan is committed to making its websites accessible in accordance with Royal Decree 1112\/2018, of 7 September, on the accessibility of public sector websites and mobile applications.<\/p>\n\n\n\n<p>This accessibility statement applies to the website luxcarevents.es.<\/p>\n\n\n\n<h2 class=\"wp-block-heading\">COMPLIANCE STATUS<\/h2>\n\n\n\n<p>This website is partially compliant with RD 1112\/2018 due to the exceptions and non-compliance of the aspects indicated below.<\/p>\n\n\n\n<h2 class=\"wp-block-heading\">CONTENT NOT ACCESSIBLE<\/h2>\n\n\n\n<p>The content below is not accessible for the following reasons:<\/p>\n\n\n\n<ul class=\"wp-block-list\">\n<li>Non-compliance with Royal Decree 1112\/2018:\n<ul class=\"wp-block-list\">\n<li>There may be content in other languages where the language change is not correctly labelled.<\/li>\n\n\n\n<li>Audio-only multimedia elements may not have an alternative.<\/li>\n\n\n\n<li>There may be videos without subtitles.<\/li>\n\n\n\n<li>There is textual content without sufficient contrast.<\/li>\n\n\n\n<li>It can be observed that in some cases the focus does not meet the minimum contrast ratio required.<\/li>\n\n\n\n<li>In some cases, content overlap may occur.<\/li>\n\n\n\n<li>Some PDF documents may have accessibility issues.<\/li>\n<\/ul>\n<\/li>\n\n\n\n<li>Disproportionate load:\n<ul class=\"wp-block-list\">\n<li>Not applicable.<\/li>\n<\/ul>\n<\/li>\n\n\n\n<li>Content does not fall within the scope of applicable legislation:\n<ul class=\"wp-block-list\">\n<li>There may be documents in PDF format published before 20 September 2018 that do not fully comply with all accessibility requirements.<\/li>\n<\/ul>\n<\/li>\n<\/ul>\n\n\n\n<h2 class=\"wp-block-heading\">PREPARATION OF THIS ACCESSIBILITY STATEMENT<\/h2>\n\n\n\n<p>This statement was prepared on 20 January 2024.<\/p>\n\n\n\n<p>The method used for this statement was a self-assessment.<\/p>\n\n\n\n<p>Last revision of the declaration: 20 January 2024.<\/p>\n\n\n\n<h2 class=\"wp-block-heading\">COMMENTS AND CONTACT DETAILS<\/h2>\n\n\n\n<p>Communications regarding accessibility requirements<\/p>\n\n\n\n<p>You may communicate accessibility requirements (Article 10.2.a of RD 1112\/2018), such as:<\/p>\n\n\n\n<ul class=\"wp-block-list\">\n<li>Report any possible breaches by this website<\/li>\n\n\n\n<li>Report other difficulties accessing content<\/li>\n\n\n\n<li>Submit any other queries or suggestions for improvement regarding the accessibility of the website.<\/li>\n<\/ul>\n\n\n\n<p>via the contact form on this website (<strong>luxcarevents.es\/contacto<\/strong>) or by telephone: +34 633 020 620<\/p>\n\n\n\n<h3 class=\"wp-block-heading\">Requests for accessible information and complaints<\/h3>\n\n\n\n<p>Through the accessible information request and accessibility complaint form, you can submit:<\/p>\n\n\n\n<ul class=\"wp-block-list\">\n<li>a complaint regarding compliance with the requirements of Royal Decree 1112\/2018 or<\/li>\n\n\n\n<li>an accessible Request for Information concerning:\n<ul class=\"wp-block-list\">\n<li>content that is excluded from the scope of application of RD 1112\/2018 as established by Article 3, paragraph 4<\/li>\n\n\n\n<li>content that is exempt from compliance with accessibility requirements because it would impose a disproportionate burden.<\/li>\n<\/ul>\n<\/li>\n<\/ul>\n\n\n\n<p>In the Request for Accessible Information, the facts, reasons and request must be clearly specified so that it can be verified that the request is reasonable and legitimate.<\/p>\n\n\n\n<p>Complaints and claims regarding accessible information shall be submitted via the electronic headquarters (https:\/\/sede.red.gob.es\/procedimientos\/quejas-y-sugerencias) and will be received and processed by the Information Systems department at Red.es.<\/p>\n\n\n\n<h2 class=\"wp-block-heading\">APPLICATION PROCEDURE<\/h2>\n\n\n\n<p>If, after submitting a request for accessible information or a complaint, it has been rejected, the decision taken is not agreed with, or the response does not meet the requirements set out in Article 12.5 of Royal Decree 1112\/2018, the interested party may lodge a claim. A claim may also be lodged if no response has been received.<\/p>\n\n\n\n<p>The claims procedure set out in Article 13 of Royal Decree 1112\/2018 can be initiated via the contact form on this website (<strong>luxcarevents.es\/contacto<\/strong>) or by telephone: +34 633 020 620<\/p>\n\n\n\n<p>Complaints will be received and handled by Gevorg Ovchyan.<\/p>\n\n\n\n<h2 class=\"wp-block-heading\">OPTIONAL CONTENT<\/h2>\n\n\n\n<p>The website:<\/p>\n\n\n\n<ul class=\"wp-block-list\">\n<li>It has been designed in accordance with current standards and regulations regarding accessibility, complying with the priority 2 (AA) checkpoints defined in the Web Content Accessibility Guidelines (WCAG 2.1) specification.<\/li>\n\n\n\n<li>It is optimised for the latest versions of Chrome, Edge, Firefox, Safari, and Opera.<\/li>\n\n\n\n<li>It is designed for correct display on any resolution and device, including desktops, tablets, and mobiles (responsive design).<\/li>\n\n\n\n<li>It has been created using HTML5 as the markup language and CSS 3 style sheets for its design.<\/li>\n<\/ul>\n\n\n\n<p>If you wish to change the font size of the text in the main graphical browsers, use the following menus:<\/p>\n\n\n\n<ul class=\"wp-block-list\">\n<li>Internet Explorer, Mozilla, and Firefox: View &gt; Text size<\/li>\n\n\n\n<li>Opera: View &gt; Zoom<\/li>\n\n\n\n<li>Safari: View &gt; Make Text Larger<\/li>\n\n\n\n<li>Chrome: Control the current page &gt; Text size<\/li>\n\n\n\n<li>To change the size of everything on the page:\n<ul class=\"wp-block-list\">\n<li>Ctrl + + to increase it<\/li>\n\n\n\n<li>Ctrl + \u2013 to decrease it<\/li>\n\n\n\n<li>Ctrl + 0 restores the original text size.<\/li>\n\n\n\n<li>If you want to override the style sheet or change the text colour, you can consult the WAI's How to Change Text Size or Colours page, which can be read in Spanish at \u00bfC\u00f3mo cambiar el tama\u00f1o del texto o colores?<\/li>\n<\/ul>\n<\/li>\n<\/ul>","protected":false},"excerpt":{"rendered":"<p>DECLARACI\u00d3N DE ACCESIBILIDAD Gevorg Ovchyan se ha comprometido a hacer accesibles sus Sitios web de conformidad con el Real Decreto 1112\/2018, de 7 de septiembre, sobre accesibilidad de los sitios web y aplicaciones para dispositivos m\u00f3viles del sector p\u00fablico. La presente declaraci\u00f3n de accesibilidad se aplica al sitio web luxcarevents.es SITUACI\u00d3N DE CUMPLIMIENTO Este sitio [&hellip;]<\/p>\n","protected":false},"author":1,"featured_media":0,"parent":0,"menu_order":0,"comment_status":"closed","ping_status":"closed","template":"","meta":{"footnotes":""},"class_list":["post-54","page","type-page","status-publish","hentry"],"aioseo_notices":[],"_links":{"self":[{"href":"https:\/\/www.luxcarevents.es\/en\/wp-json\/wp\/v2\/pages\/54","targetHints":{"allow":["GET"]}}],"collection":[{"href":"https:\/\/www.luxcarevents.es\/en\/wp-json\/wp\/v2\/pages"}],"about":[{"href":"https:\/\/www.luxcarevents.es\/en\/wp-json\/wp\/v2\/types\/page"}],"author":[{"embeddable":true,"href":"https:\/\/www.luxcarevents.es\/en\/wp-json\/wp\/v2\/users\/1"}],"replies":[{"embeddable":true,"href":"https:\/\/www.luxcarevents.es\/en\/wp-json\/wp\/v2\/comments?post=54"}],"version-history":[{"count":1,"href":"https:\/\/www.luxcarevents.es\/en\/wp-json\/wp\/v2\/pages\/54\/revisions"}],"predecessor-version":[{"id":93,"href":"https:\/\/www.luxcarevents.es\/en\/wp-json\/wp\/v2\/pages\/54\/revisions\/93"}],"wp:attachment":[{"href":"https:\/\/www.luxcarevents.es\/en\/wp-json\/wp\/v2\/media?parent=54"}],"curies":[{"name":"wp","href":"https:\/\/api.w.org\/{rel}","templated":true}]}}